{"id":129,"date":"2025-07-30T18:09:33","date_gmt":"2025-07-30T18:09:33","guid":{"rendered":"https:\/\/vividoors.com\/?page_id=129"},"modified":"2026-01-11T18:23:18","modified_gmt":"2026-01-11T18:23:18","slug":"aviso-legal","status":"publish","type":"page","link":"https:\/\/vividoors.com\/ca\/aviso-legal\/","title":{"rendered":"Aviso Legal"},"content":{"rendered":"<div data-elementor-type=\"wp-page\" data-elementor-id=\"129\" class=\"elementor elementor-129\" data-elementor-post-type=\"page\">\n\t\t\t\t<div class=\"elementor-element elementor-element-e754dab e-flex e-con-boxed e-con e-parent\" data-id=\"e754dab\" data-element_type=\"container\" data-e-type=\"container\">\n\t\t\t\t\t<div class=\"e-con-inner\">\n\t\t\t\t<div class=\"elementor-element elementor-element-9c7c8ed elementor-widget elementor-widget-text-editor\" data-id=\"9c7c8ed\" data-element_type=\"widget\" data-e-type=\"widget\" data-widget_type=\"text-editor.default\">\n\t\t\t\t\t\t\t\t\t<h3 data-path-to-node=\"4\">AVISO LEGAL<\/h3>\n<p data-path-to-node=\"5\"><b data-path-to-node=\"5\" data-index-in-node=\"0\">1. DATOS IDENTIFICATIVOS<\/b><\/p>\n<p data-path-to-node=\"6\">En cumplimiento con el deber de informaci\u00f3n recogido en art\u00edculo 10 de la Ley 34\/2002, de 11 de julio, de Servicios de la Sociedad de la Informaci\u00f3n y del Comercio Electr\u00f3nico (LSSI), a continuaci\u00f3n se reflejan los siguientes datos:<\/p>\n<ul data-path-to-node=\"7\">\n<li>\n<p data-path-to-node=\"7,0,0\"><b data-path-to-node=\"7,0,0\" data-index-in-node=\"0\">Titular del sitio web:<\/b> VIVIDOORS<\/p>\n<\/li>\n<li>\n<p data-path-to-node=\"7,2,0\"><b style=\"font-style: inherit;\" data-path-to-node=\"7,3,0\" data-index-in-node=\"0\">Correo electr\u00f3nico de contacto:<\/b><span style=\"font-style: inherit; font-weight: inherit;\">&nbsp;info@vividoors.com<\/span><\/p>\n<\/li>\n<li>\n<p data-path-to-node=\"7,4,0\"><b data-path-to-node=\"7,4,0\" data-index-in-node=\"0\">Sitio Web: <\/b><span data-path-to-node=\"7,4,0\" data-index-in-node=\"0\">https:\/\/vividoors.com<\/span><\/p>\n<\/li>\n<\/ul>\n<p data-path-to-node=\"8\"><b data-path-to-node=\"8\" data-index-in-node=\"0\">2. USUARIOS<\/b><\/p>\n<p data-path-to-node=\"9\">El acceso y\/o uso de este portal de <b data-path-to-node=\"9\" data-index-in-node=\"36\">VIVIDOORS<\/b> atribuye la condici\u00f3n de USUARIO, que acepta, desde dicho acceso y\/o uso, las condiciones generales de uso aqu\u00ed reflejadas.<\/p>\n<p data-path-to-node=\"10\"><b data-path-to-node=\"10\" data-index-in-node=\"0\">3. USO DEL SITIO WEB<\/b><\/p>\n<p data-path-to-node=\"11\"><b data-path-to-node=\"11\" data-index-in-node=\"0\">vividoors.com<\/b> proporciona el acceso a multitud de informaciones, servicios o datos (en adelante, \u00ablos contenidos\u00bb) en Internet pertenecientes al Titular a los que el USUARIO pueda tener acceso. El USUARIO asume la responsabilidad del uso del portal.<\/p>\n<p data-path-to-node=\"12\">El USUARIO se compromete a hacer un uso adecuado de los contenidos que el Titular ofrece y a no emplearlos para: (i) incurrir en actividades il\u00edcitas, ilegales o contrarias a la buena fe y al orden p\u00fablico; (ii) difundir contenidos o propaganda de car\u00e1cter racista, xen\u00f3fobo, pornogr\u00e1fico-ilegal, de apolog\u00eda del terrorismo o atentatorio contra los derechos humanos; (iii) provocar da\u00f1os en los sistemas f\u00edsicos y l\u00f3gicos del Titular, de sus proveedores o de terceras personas.<\/p>\n<p data-path-to-node=\"13\"><b data-path-to-node=\"13\" data-index-in-node=\"0\">4. PROPIEDAD INTELECTUAL E INDUSTRIAL<\/b><\/p>\n<p data-path-to-node=\"14\">El Titular es propietario de todos los derechos de propiedad intelectual e industrial de su p\u00e1gina web, as\u00ed como de los elementos contenidos en la misma (im\u00e1genes, sonido, audio, v\u00eddeo, software o textos; marcas o logotipos, combinaciones de colores, estructura y dise\u00f1o, etc.). <b data-path-to-node=\"14\" data-index-in-node=\"279\">Todos los derechos reservados.<\/b> Quedan expresamente prohibidas la reproducci\u00f3n, la distribuci\u00f3n y la comunicaci\u00f3n p\u00fablica de la totalidad o parte de los contenidos de esta p\u00e1gina web, con fines comerciales, en cualquier soporte y por cualquier medio t\u00e9cnico, sin la autorizaci\u00f3n del Titular.<\/p>\n<p data-path-to-node=\"15\"><b data-path-to-node=\"15\" data-index-in-node=\"0\">5. EXCLUSI\u00d3N DE GARANT\u00cdAS Y RESPONSABILIDAD<\/b><\/p>\n<p data-path-to-node=\"16\">El Titular no se hace responsable, en ning\u00fan caso, de los da\u00f1os y perjuicios de cualquier naturaleza que pudieran ocasionar, a t\u00edtulo enunciativo: errores u omisiones en los contenidos, falta de disponibilidad del portal o la transmisi\u00f3n de virus o programas maliciosos o lesivos en los contenidos, a pesar de haber adoptado todas las medidas tecnol\u00f3gicas necesarias para evitarlo.<\/p>\n<p data-path-to-node=\"17\"><b data-path-to-node=\"17\" data-index-in-node=\"0\">6. ENLACES (LINKS)<\/b><\/p>\n<p data-path-to-node=\"18\">En el caso de que en <b data-path-to-node=\"18\" data-index-in-node=\"21\">vividoors.com<\/b> se dispusiesen enlaces o hiperv\u00ednculos hac\u00eda otros sitios de Internet, el Titular no ejercer\u00e1 ning\u00fan tipo de control sobre dichos sitios y contenidos. En ning\u00fan caso el Titular asumir\u00e1 responsabilidad alguna por los contenidos de alg\u00fan enlace perteneciente a un sitio web ajeno.<\/p>\n<p data-path-to-node=\"19\"><b data-path-to-node=\"19\" data-index-in-node=\"0\">7. MODIFICACIONES<\/b><\/p>\n<p data-path-to-node=\"20\">El Titular se reserva el derecho de efectuar sin previo aviso las modificaciones que considere oportunas en su portal, pudiendo cambiar, suprimir o a\u00f1adir tanto los contenidos y servicios que se presten a trav\u00e9s de la misma como la forma en la que \u00e9stos aparezcan presentados.<\/p>\n<p data-path-to-node=\"21\"><b data-path-to-node=\"21\" data-index-in-node=\"0\">8. LEGISLACI\u00d3N APLICABLE Y JURISDICCI\u00d3N<\/b><\/p>\n<p data-path-to-node=\"22\">La relaci\u00f3n entre el Titular y el USUARIO se regir\u00e1 por la normativa espa\u00f1ola vigente y cualquier controversia se someter\u00e1 a los Juzgados y tribunales de la ciudad de <b>Andorra.&nbsp;<\/b><\/p>\t\t\t\t\t\t\t\t<\/div>\n\t\t\t\t\t<\/div>\n\t\t\t\t<\/div>\n\t\t\t\t<\/div>","protected":false},"excerpt":{"rendered":"<p>AVISO LEGAL 1. DATOS IDENTIFICATIVOS En cumplimiento con el deber de informaci\u00f3n recogido en art\u00edculo 10 de la Ley 34\/2002, [&hellip;]<\/p>\n","protected":false},"author":1,"featured_media":0,"parent":0,"menu_order":0,"comment_status":"closed","ping_status":"closed","template":"","meta":{"site-sidebar-layout":"no-sidebar","site-content-layout":"","ast-site-content-layout":"full-width-container","site-content-style":"default","site-sidebar-style":"default","ast-global-header-display":"","ast-banner-title-visibility":"","ast-main-header-display":"","ast-hfb-above-header-display":"","ast-hfb-below-header-display":"","ast-hfb-mobile-header-display":"","site-post-title":"disabled","ast-breadcrumbs-content":"","ast-featured-img":"disabled","footer-sml-layout":"","theme-transparent-header-meta":"","adv-header-id-meta":"","stick-header-meta":"","header-above-stick-meta":"","header-main-stick-meta":"","header-below-stick-meta":"","astra-migrate-meta-layouts":"default","ast-page-background-enabled":"default","ast-page-background-meta":{"desktop":{"background-color":"var(--ast-global-color-5)","background-image":"","background-repeat":"repeat","background-position":"center center","background-size":"auto","background-attachment":"scroll","background-type":"","background-media":"","overlay-type":"","overlay-color":"","overlay-opacity":"","overlay-gradient":""},"tablet":{"background-color":"","background-image":"","background-repeat":"repeat","background-position":"center center","background-size":"auto","background-attachment":"scroll","background-type":"","background-media":"","overlay-type":"","overlay-color":"","overlay-opacity":"","overlay-gradient":""},"mobile":{"background-color":"","background-image":"","background-repeat":"repeat","background-position":"center center","background-size":"auto","background-attachment":"scroll","background-type":"","background-media":"","overlay-type":"","overlay-color":"","overlay-opacity":"","overlay-gradient":""}},"ast-content-background-meta":{"desktop":{"background-color":"var(--ast-global-color-4)","background-image":"","background-repeat":"repeat","background-position":"center center","background-size":"auto","background-attachment":"scroll","background-type":"","background-media":"","overlay-type":"","overlay-color":"","overlay-opacity":"","overlay-gradient":""},"tablet":{"background-color":"var(--ast-global-color-4)","background-image":"","background-repeat":"repeat","background-position":"center center","background-size":"auto","background-attachment":"scroll","background-type":"","background-media":"","overlay-type":"","overlay-color":"","overlay-opacity":"","overlay-gradient":""},"mobile":{"background-color":"var(--ast-global-color-4)","background-image":"","background-repeat":"repeat","background-position":"center center","background-size":"auto","background-attachment":"scroll","background-type":"","background-media":"","overlay-type":"","overlay-color":"","overlay-opacity":"","overlay-gradient":""}},"footnotes":""},"class_list":["post-129","page","type-page","status-publish","hentry"],"_links":{"self":[{"href":"https:\/\/vividoors.com\/ca\/wp-json\/wp\/v2\/pages\/129","targetHints":{"allow":["GET"]}}],"collection":[{"href":"https:\/\/vividoors.com\/ca\/wp-json\/wp\/v2\/pages"}],"about":[{"href":"https:\/\/vividoors.com\/ca\/wp-json\/wp\/v2\/types\/page"}],"author":[{"embeddable":true,"href":"https:\/\/vividoors.com\/ca\/wp-json\/wp\/v2\/users\/1"}],"replies":[{"embeddable":true,"href":"https:\/\/vividoors.com\/ca\/wp-json\/wp\/v2\/comments?post=129"}],"version-history":[{"count":14,"href":"https:\/\/vividoors.com\/ca\/wp-json\/wp\/v2\/pages\/129\/revisions"}],"predecessor-version":[{"id":1775,"href":"https:\/\/vividoors.com\/ca\/wp-json\/wp\/v2\/pages\/129\/revisions\/1775"}],"wp:attachment":[{"href":"https:\/\/vividoors.com\/ca\/wp-json\/wp\/v2\/media?parent=129"}],"curies":[{"name":"wp","href":"https:\/\/api.w.org\/{rel}","templated":true}]}}