{"id":1693,"date":"2026-01-11T17:10:47","date_gmt":"2026-01-11T17:10:47","guid":{"rendered":"https:\/\/vividoors.com\/?page_id=1693"},"modified":"2026-01-17T09:17:38","modified_gmt":"2026-01-17T09:17:38","slug":"politica-privacidad","status":"publish","type":"page","link":"https:\/\/vividoors.com\/ca\/politica-privacidad\/","title":{"rendered":"Pol\u00edtica de Privacitat"},"content":{"rendered":"<div data-elementor-type=\"wp-page\" data-elementor-id=\"1693\" class=\"elementor elementor-1693\" data-elementor-post-type=\"page\">\n\t\t\t\t<div class=\"elementor-element elementor-element-9ff8920 e-flex e-con-boxed e-con e-parent\" data-id=\"9ff8920\" data-element_type=\"container\" data-e-type=\"container\">\n\t\t\t\t\t<div class=\"e-con-inner\">\n\t\t\t\t<div class=\"elementor-element elementor-element-862abd1 elementor-widget elementor-widget-text-editor\" data-id=\"862abd1\" data-element_type=\"widget\" data-e-type=\"widget\" data-widget_type=\"text-editor.default\">\n\t\t\t\t\t\t\t\t\t<h3 data-path-to-node=\"4\">POL\u00cdTICA DE PRIVACIDAD&nbsp;<\/h3>\n<p data-path-to-node=\"5\"><b data-path-to-node=\"5\" data-index-in-node=\"0\">1. RESPONSABLE DEL TRATAMIENTO<\/b><br>\u00bfQui\u00e9n es el responsable de tus datos?<\/p>\n<ul data-path-to-node=\"6\">\n<li>\n<p data-path-to-node=\"6,0,0\"><b data-path-to-node=\"6,0,0\" data-index-in-node=\"0\">Identidad:<\/b> VIVIDOORS<\/p>\n<\/li>\n<li>\n<p data-path-to-node=\"6,1,0\"><b data-path-to-node=\"6,1,0\" data-index-in-node=\"0\">NIF\/CIF:<\/b> 41559882D<\/p>\n<\/li>\n<li>\n<p data-path-to-node=\"6,2,0\"><b data-path-to-node=\"6,2,0\" data-index-in-node=\"0\">Direcci\u00f3n postal:<\/b>&nbsp;Barcelona&nbsp;<\/p>\n<\/li>\n<li>\n<p data-path-to-node=\"6,3,0\"><b data-path-to-node=\"6,3,0\" data-index-in-node=\"0\">Correo electr\u00f3nico:<\/b>&nbsp;info@vividoors.com<\/p>\n<\/li>\n<li>\n<p data-path-to-node=\"6,4,0\"><b data-path-to-node=\"6,4,0\" data-index-in-node=\"0\">Sitio Web: <\/b>https:\/\/vividoors.com&nbsp;<\/p>\n<\/li>\n<\/ul>\n<p data-path-to-node=\"7\"><b data-path-to-node=\"7\" data-index-in-node=\"0\">2. FINALIDAD<\/b><br>\u00bfCon qu\u00e9 finalidad tratamos tus datos personales?<\/p>\n<p data-path-to-node=\"8\">En <b data-path-to-node=\"8\" data-index-in-node=\"3\">VIVIDOORS<\/b>, tratamos la informaci\u00f3n que nos facilitan las personas interesadas con el fin de:<\/p>\n<ul data-path-to-node=\"9\">\n<li>\n<p data-path-to-node=\"9,0,0\">Gestionar el env\u00edo de la informaci\u00f3n que nos soliciten.<\/p>\n<\/li>\n<li>\n<p data-path-to-node=\"9,1,0\">Facilitar a los interesados ofertas de nuestros productos y servicios de inter\u00e9s (Newsletter\/Bolet\u00edn).<\/p>\n<\/li>\n<\/ul>\n<p data-path-to-node=\"10\">No se tomar\u00e1n decisiones automatizadas en base a dicho perfil (es decir, no usamos algoritmos complejos para decidir cosas sobre ti sin intervenci\u00f3n humana).<\/p>\n<p data-path-to-node=\"11\"><b data-path-to-node=\"11\" data-index-in-node=\"0\">3. LEGITIMACI\u00d3N<\/b><br>\u00bfPor qu\u00e9 podemos tratar tus datos?<\/p>\n<p data-path-to-node=\"12\">La base legal para el tratamiento de tus datos es el <b data-path-to-node=\"12\" data-index-in-node=\"53\">consentimiento<\/b>.<br>Para suscribirte a nuestro bolet\u00edn o contactar con nosotros, requerimos tu consentimiento expreso mediante la aceptaci\u00f3n de esta pol\u00edtica de privacidad (marcando la casilla correspondiente en el formulario).<\/p>\n<p data-path-to-node=\"13\"><b data-path-to-node=\"13\" data-index-in-node=\"0\">4. DESTINATARIOS<\/b><br>\u00bfA qui\u00e9n se comunicar\u00e1n tus datos?<\/p>\n<p data-path-to-node=\"14\">Los datos no se comunicar\u00e1n a terceros, salvo obligaci\u00f3n legal.<br>Sin embargo, para poder prestar nuestros servicios, compartimos datos con los siguientes prestadores de servicio bajo sus correspondientes condiciones de privacidad:<\/p>\n<ul data-path-to-node=\"15\">\n<li>\n<p data-path-to-node=\"15,0,0\"><b data-path-to-node=\"15,0,0\" data-index-in-node=\"0\">Hosting:<\/b>&nbsp;Raiola Networks S.L., con C.I.F. B27453489 y con domicilio en Avenida de Magoi, 66, Semis\u00f3tano Derecha, C.P. 27002 Lugo. Trata los datos con la finalidad de realizar sus servicios de alojamiento web.<\/p>\n<\/li>\n<li>\n<p data-path-to-node=\"15,1,0\"><b data-path-to-node=\"15,1,0\" data-index-in-node=\"0\">Plataforma de Email Marketing:<\/b> Beehiiv. Esta empresa puede estar ubicada fuera de la UE, pero se acoge a acuerdos de seguridad est\u00e1ndar (Standard Contractual Clauses).<\/p>\n<\/li>\n<li>\n<p data-path-to-node=\"15,2,0\"><b data-path-to-node=\"15,2,0\" data-index-in-node=\"0\">Google Analytics:<\/b> Un servicio anal\u00edtico de web prestado por Google, Inc., para analizar el uso que hacen los usuarios del sitio web.<\/p>\n<\/li>\n<\/ul>\n<p data-path-to-node=\"16\"><b data-path-to-node=\"16\" data-index-in-node=\"0\">5. CONSERVACI\u00d3N<\/b><br>\u00bfPor qu\u00e9 tiempo conservaremos tus datos?<\/p>\n<p data-path-to-node=\"17\">Los datos personales proporcionados se conservar\u00e1n mientras se mantenga la relaci\u00f3n comercial o no solicites su supresi\u00f3n. Peri\u00f3dicamente revisaremos nuestras listas para eliminar registros inactivos.<\/p>\n<p data-path-to-node=\"18\"><b data-path-to-node=\"18\" data-index-in-node=\"0\">6. DERECHOS<\/b><br>\u00bfCu\u00e1les son tus derechos cuando nos facilitas tus datos?<\/p>\n<p data-path-to-node=\"19\">Cualquier persona tiene derecho a obtener confirmaci\u00f3n sobre si en VIVIDOORS estamos tratando datos personales que les conciernan, o no.<br>Las personas interesadas tienen derecho a:<\/p>\n<ul data-path-to-node=\"20\">\n<li>\n<p data-path-to-node=\"20,0,0\">Solicitar el acceso a los datos personales relativos al interesado.<\/p>\n<\/li>\n<li>\n<p data-path-to-node=\"20,1,0\">Solicitar su rectificaci\u00f3n o supresi\u00f3n.<\/p>\n<\/li>\n<li>\n<p data-path-to-node=\"20,2,0\">Solicitar la limitaci\u00f3n de su tratamiento.<\/p>\n<\/li>\n<li>\n<p data-path-to-node=\"20,3,0\">Oponerse al tratamiento.<\/p>\n<\/li>\n<li>\n<p data-path-to-node=\"20,4,0\">Solicitar la portabilidad de los datos.<\/p>\n<\/li>\n<\/ul>\n<p data-path-to-node=\"21\">Para ejercer estos derechos, puedes enviar un correo electr\u00f3nico a info@vividoors.com&nbsp;indicando en el asunto \u00abPROTECCI\u00d3N DE DATOS\u00bb y adjuntando una copia de tu DNI para verificar tu identidad.<\/p>\n<p data-path-to-node=\"22\">Si consideras que no hemos tratado tus datos adecuadamente, tienes derecho a presentar una reclamaci\u00f3n ante la Agencia Espa\u00f1ola de Protecci\u00f3n de Datos (www.aepd.es).<\/p>\t\t\t\t\t\t\t\t<\/div>\n\t\t\t\t\t<\/div>\n\t\t\t\t<\/div>\n\t\t\t\t<\/div>","protected":false},"excerpt":{"rendered":"<p>POL\u00cdTICA DE PRIVACIDAD&nbsp; 1. RESPONSABLE DEL TRATAMIENTO\u00bfQui\u00e9n es el responsable de tus datos? Identidad: VIVIDOORS NIF\/CIF: 41559882D Direcci\u00f3n postal:&nbsp;Barcelona&nbsp; Correo [&hellip;]<\/p>\n","protected":false},"author":1,"featured_media":0,"parent":0,"menu_order":0,"comment_status":"closed","ping_status":"closed","template":"","meta":{"site-sidebar-layout":"no-sidebar","site-content-layout":"","ast-site-content-layout":"full-width-container","site-content-style":"default","site-sidebar-style":"default","ast-global-header-display":"","ast-banner-title-visibility":"","ast-main-header-display":"","ast-hfb-above-header-display":"","ast-hfb-below-header-display":"","ast-hfb-mobile-header-display":"","site-post-title":"disabled","ast-breadcrumbs-content":"","ast-featured-img":"disabled","footer-sml-layout":"","theme-transparent-header-meta":"","adv-header-id-meta":"","stick-header-meta":"","header-above-stick-meta":"","header-main-stick-meta":"","header-below-stick-meta":"","astra-migrate-meta-layouts":"default","ast-page-background-enabled":"default","ast-page-background-meta":{"desktop":{"background-color":"var(--ast-global-color-5)","background-image":"","background-repeat":"repeat","background-position":"center center","background-size":"auto","background-attachment":"scroll","background-type":"","background-media":"","overlay-type":"","overlay-color":"","overlay-opacity":"","overlay-gradient":""},"tablet":{"background-color":"","background-image":"","background-repeat":"repeat","background-position":"center center","background-size":"auto","background-attachment":"scroll","background-type":"","background-media":"","overlay-type":"","overlay-color":"","overlay-opacity":"","overlay-gradient":""},"mobile":{"background-color":"","background-image":"","background-repeat":"repeat","background-position":"center center","background-size":"auto","background-attachment":"scroll","background-type":"","background-media":"","overlay-type":"","overlay-color":"","overlay-opacity":"","overlay-gradient":""}},"ast-content-background-meta":{"desktop":{"background-color":"var(--ast-global-color-4)","background-image":"","background-repeat":"repeat","background-position":"center center","background-size":"auto","background-attachment":"scroll","background-type":"","background-media":"","overlay-type":"","overlay-color":"","overlay-opacity":"","overlay-gradient":""},"tablet":{"background-color":"var(--ast-global-color-4)","background-image":"","background-repeat":"repeat","background-position":"center center","background-size":"auto","background-attachment":"scroll","background-type":"","background-media":"","overlay-type":"","overlay-color":"","overlay-opacity":"","overlay-gradient":""},"mobile":{"background-color":"var(--ast-global-color-4)","background-image":"","background-repeat":"repeat","background-position":"center center","background-size":"auto","background-attachment":"scroll","background-type":"","background-media":"","overlay-type":"","overlay-color":"","overlay-opacity":"","overlay-gradient":""}},"footnotes":""},"class_list":["post-1693","page","type-page","status-publish","hentry"],"_links":{"self":[{"href":"https:\/\/vividoors.com\/ca\/wp-json\/wp\/v2\/pages\/1693","targetHints":{"allow":["GET"]}}],"collection":[{"href":"https:\/\/vividoors.com\/ca\/wp-json\/wp\/v2\/pages"}],"about":[{"href":"https:\/\/vividoors.com\/ca\/wp-json\/wp\/v2\/types\/page"}],"author":[{"embeddable":true,"href":"https:\/\/vividoors.com\/ca\/wp-json\/wp\/v2\/users\/1"}],"replies":[{"embeddable":true,"href":"https:\/\/vividoors.com\/ca\/wp-json\/wp\/v2\/comments?post=1693"}],"version-history":[{"count":20,"href":"https:\/\/vividoors.com\/ca\/wp-json\/wp\/v2\/pages\/1693\/revisions"}],"predecessor-version":[{"id":1804,"href":"https:\/\/vividoors.com\/ca\/wp-json\/wp\/v2\/pages\/1693\/revisions\/1804"}],"wp:attachment":[{"href":"https:\/\/vividoors.com\/ca\/wp-json\/wp\/v2\/media?parent=1693"}],"curies":[{"name":"wp","href":"https:\/\/api.w.org\/{rel}","templated":true}]}}